{"id":821,"date":"2022-01-19T15:39:54","date_gmt":"2022-01-19T15:39:54","guid":{"rendered":"https:\/\/www.hilfeundhoffnung.at\/?page_id=821"},"modified":"2022-01-23T16:05:22","modified_gmt":"2022-01-23T16:05:22","slug":"despre-noi","status":"publish","type":"page","link":"https:\/\/www.hilfeundhoffnung.at\/?page_id=821&lang=ro","title":{"rendered":"Despre noi"},"content":{"rendered":"\n<p><strong>Lupta cu s\u0103r\u0103cia<\/strong><br><br>Asocia\u021bia \u201eAJUTOR \u0219i SPERAN\u021a\u0102\u201d sprijin\u0103 persoanele defavorizate din Rom\u00e2nia, Ungaria \u0219i Ucraina cu medicamente, dispozitive medicale, alimente, \u00eembr\u0103c\u0103minte \u0219i bani.\u00a0 Transporturile de bunuri \u0219i dona\u021biile \u00een bani se fac de mai multe ori pe an. Numeroase mici comunit\u0103\u021bi evreie\u0219ti r\u0103sp\u00e2ndite \u00een toat\u0103 \u021bara, unde tr\u0103iesc \u00een s\u0103r\u0103cie mai ales b\u0103tr\u00e2ni, casele de b\u0103tr\u00e2ni evreie\u0219ti, spitalele \u0219i c\u0103minele de copii din Rom\u00e2nia sunt \u00eengrijite.<br><br><strong>O asocia\u021bie care func\u021bioneaz\u0103 bine<\/strong><br><br>Pe parcursul a aproape 30 de ani de activitate a asocia\u021biei, care a fost \u00eenfiin\u021bat\u0103 de Eeva Huber-Huber, s-au format la fa\u021ba locului re\u021bele de distribu\u021bie func\u021bionale prin contacte personale, astfel \u00eenc\u00e2t dona\u021biile s\u0103 ajung\u0103 rapid \u0219i direct la cei afla\u021bi \u00een nevoie.<br><br>La propunerea regizorului de oper\u0103 de atunci Ioan Holender, Eeva Huber-Huber a fost distins\u0103 cu Decora\u021bia de Onoare de Aur pentru serviciile aduse Republicii Austria \u00een 2007.<br><br>Asocia\u021bia func\u021bioneaz\u0103 si ast\u0103zi cu suportul consilierului comercial Michael Feyer \u0219i a fiicei fondatoarei, Tamara-Huber-Huber \u0219i altor voluntari, asta dup\u0103 ce Eeva \u0219i Adalbert Huber-Huber au murit \u00eentr-un accident \u00een aprilie 2008, \u00een timpul uneia dintre c\u0103l\u0103toriile din Rom\u00e2nia.<br><br>Datorit\u0103 sprijinului multor persoane \u0219i a ajutorului ne\u00eentrerupt, acum este posibil ca asocia\u021bia s\u0103 efectueze mai mult de zece transporturi cu dona\u021bii.<\/p>\n","protected":false},"excerpt":{"rendered":"<p class=\"excerpt\">Lupta cu s\u0103r\u0103cia Asocia\u021bia \u201eAJUTOR \u0219i SPERAN\u021a\u0102\u201d sprijin\u0103 persoanele defavorizate din Rom\u00e2nia, Ungaria \u0219i Ucraina cu medicamente, dispozitive medicale, alimente, \u00eembr\u0103c\u0103minte \u0219i bani.\u00a0 Transporturile de bunuri \u0219i dona\u021biile \u00een bani se fac de mai multe ori pe an. Numeroase mici comunit\u0103\u021bi evreie\u0219ti r\u0103sp\u00e2ndite \u00een toat\u0103 \u021bara, unde tr\u0103iesc \u00een s\u0103r\u0103cie mai ales b\u0103tr\u00e2ni, casele de b\u0103tr\u00e2ni evreie\u0219ti, spitalele \u0219i c\u0103minele&hellip; <a href=\"https:\/\/www.hilfeundhoffnung.at\/?page_id=821&#038;lang=ro\">Read more &rarr;<\/a><\/p>\n","protected":false},"author":1,"featured_media":0,"parent":0,"menu_order":0,"comment_status":"closed","ping_status":"closed","template":"","meta":{"give_campaign_id":0,"footnotes":""},"wf_page_folders":[198],"class_list":["post-821","page","type-page","status-publish","hentry","xfolkentry"],"yoast_head":"<!-- This site is optimized with the Yoast SEO plugin v25.2 - https:\/\/yoast.com\/wordpress\/plugins\/seo\/ -->\n<title>Despre noi - HILFE UND HOFFNUNG<\/title>\n<meta name=\"robots\" content=\"index, follow, max-snippet:-1, max-image-preview:large, max-video-preview:-1\" \/>\n<link rel=\"canonical\" href=\"https:\/\/www.hilfeundhoffnung.at\/?page_id=821&lang=ro\" \/>\n<meta property=\"og:locale\" content=\"en_GB\" \/>\n<meta property=\"og:type\" content=\"article\" \/>\n<meta property=\"og:title\" content=\"Despre noi - HILFE UND HOFFNUNG\" \/>\n<meta property=\"og:description\" content=\"Lupta cu s\u0103r\u0103cia Asocia\u021bia \u201eAJUTOR \u0219i SPERAN\u021a\u0102\u201d sprijin\u0103 persoanele defavorizate din Rom\u00e2nia, Ungaria \u0219i Ucraina cu medicamente, dispozitive medicale, alimente, \u00eembr\u0103c\u0103minte \u0219i bani.\u00a0 Transporturile de bunuri \u0219i dona\u021biile \u00een bani se fac de mai multe ori pe an. Numeroase mici comunit\u0103\u021bi evreie\u0219ti r\u0103sp\u00e2ndite \u00een toat\u0103 \u021bara, unde tr\u0103iesc \u00een s\u0103r\u0103cie mai ales b\u0103tr\u00e2ni, casele de b\u0103tr\u00e2ni evreie\u0219ti, spitalele \u0219i c\u0103minele&hellip; Read more &rarr;\" \/>\n<meta property=\"og:url\" content=\"https:\/\/www.hilfeundhoffnung.at\/?page_id=821&amp;lang=ro\" \/>\n<meta property=\"og:site_name\" content=\"HILFE UND HOFFNUNG\" \/>\n<meta property=\"article:modified_time\" content=\"2022-01-23T16:05:22+00:00\" \/>\n<meta property=\"og:image\" content=\"https:\/\/www.hilfeundhoffnung.at\/wp-content\/uploads\/2022\/10\/HH_logo_v07_LinkedIN_03.png\" \/>\n\t<meta property=\"og:image:width\" content=\"1200\" \/>\n\t<meta property=\"og:image:height\" content=\"627\" \/>\n\t<meta property=\"og:image:type\" content=\"image\/png\" \/>\n<meta name=\"twitter:card\" content=\"summary_large_image\" \/>\n<meta name=\"twitter:label1\" content=\"Estimated reading time\" \/>\n\t<meta name=\"twitter:data1\" content=\"1 minute\" \/>\n<script type=\"application\/ld+json\" class=\"yoast-schema-graph\">{\"@context\":\"https:\/\/schema.org\",\"@graph\":[{\"@type\":\"WebPage\",\"@id\":\"https:\/\/www.hilfeundhoffnung.at\/?page_id=821&lang=ro\",\"url\":\"https:\/\/www.hilfeundhoffnung.at\/?page_id=821&lang=ro\",\"name\":\"Despre noi - HILFE UND HOFFNUNG\",\"isPartOf\":{\"@id\":\"https:\/\/www.hilfeundhoffnung.at\/#website\"},\"datePublished\":\"2022-01-19T15:39:54+00:00\",\"dateModified\":\"2022-01-23T16:05:22+00:00\",\"breadcrumb\":{\"@id\":\"https:\/\/www.hilfeundhoffnung.at\/?page_id=821&lang=ro#breadcrumb\"},\"inLanguage\":\"en-GB\",\"potentialAction\":[{\"@type\":\"ReadAction\",\"target\":[\"https:\/\/www.hilfeundhoffnung.at\/?page_id=821&lang=ro\"]}]},{\"@type\":\"BreadcrumbList\",\"@id\":\"https:\/\/www.hilfeundhoffnung.at\/?page_id=821&lang=ro#breadcrumb\",\"itemListElement\":[{\"@type\":\"ListItem\",\"position\":1,\"name\":\"Home\",\"item\":\"https:\/\/www.hilfeundhoffnung.at\/\"},{\"@type\":\"ListItem\",\"position\":2,\"name\":\"Despre noi\"}]},{\"@type\":\"WebSite\",\"@id\":\"https:\/\/www.hilfeundhoffnung.at\/#website\",\"url\":\"https:\/\/www.hilfeundhoffnung.at\/\",\"name\":\"HILFE UND HOFFNUNG\",\"description\":\"Verein zur Unterst\u00fctzung von J\u00fcdischen Gemeinden in Rum\u00e4nien, Ukraine und Ungarn\",\"potentialAction\":[{\"@type\":\"SearchAction\",\"target\":{\"@type\":\"EntryPoint\",\"urlTemplate\":\"https:\/\/www.hilfeundhoffnung.at\/?s={search_term_string}\"},\"query-input\":{\"@type\":\"PropertyValueSpecification\",\"valueRequired\":true,\"valueName\":\"search_term_string\"}}],\"inLanguage\":\"en-GB\"}]}<\/script>\n<!-- \/ Yoast SEO plugin. -->","yoast_head_json":{"title":"Despre noi - HILFE UND HOFFNUNG","robots":{"index":"index","follow":"follow","max-snippet":"max-snippet:-1","max-image-preview":"max-image-preview:large","max-video-preview":"max-video-preview:-1"},"canonical":"https:\/\/www.hilfeundhoffnung.at\/?page_id=821&lang=ro","og_locale":"en_GB","og_type":"article","og_title":"Despre noi - HILFE UND HOFFNUNG","og_description":"Lupta cu s\u0103r\u0103cia Asocia\u021bia \u201eAJUTOR \u0219i SPERAN\u021a\u0102\u201d sprijin\u0103 persoanele defavorizate din Rom\u00e2nia, Ungaria \u0219i Ucraina cu medicamente, dispozitive medicale, alimente, \u00eembr\u0103c\u0103minte \u0219i bani.\u00a0 Transporturile de bunuri \u0219i dona\u021biile \u00een bani se fac de mai multe ori pe an. Numeroase mici comunit\u0103\u021bi evreie\u0219ti r\u0103sp\u00e2ndite \u00een toat\u0103 \u021bara, unde tr\u0103iesc \u00een s\u0103r\u0103cie mai ales b\u0103tr\u00e2ni, casele de b\u0103tr\u00e2ni evreie\u0219ti, spitalele \u0219i c\u0103minele&hellip; Read more &rarr;","og_url":"https:\/\/www.hilfeundhoffnung.at\/?page_id=821&lang=ro","og_site_name":"HILFE UND HOFFNUNG","article_modified_time":"2022-01-23T16:05:22+00:00","og_image":[{"width":1200,"height":627,"url":"https:\/\/www.hilfeundhoffnung.at\/wp-content\/uploads\/2022\/10\/HH_logo_v07_LinkedIN_03.png","type":"image\/png"}],"twitter_card":"summary_large_image","twitter_misc":{"Estimated reading time":"1 minute"},"schema":{"@context":"https:\/\/schema.org","@graph":[{"@type":"WebPage","@id":"https:\/\/www.hilfeundhoffnung.at\/?page_id=821&lang=ro","url":"https:\/\/www.hilfeundhoffnung.at\/?page_id=821&lang=ro","name":"Despre noi - HILFE UND HOFFNUNG","isPartOf":{"@id":"https:\/\/www.hilfeundhoffnung.at\/#website"},"datePublished":"2022-01-19T15:39:54+00:00","dateModified":"2022-01-23T16:05:22+00:00","breadcrumb":{"@id":"https:\/\/www.hilfeundhoffnung.at\/?page_id=821&lang=ro#breadcrumb"},"inLanguage":"en-GB","potentialAction":[{"@type":"ReadAction","target":["https:\/\/www.hilfeundhoffnung.at\/?page_id=821&lang=ro"]}]},{"@type":"BreadcrumbList","@id":"https:\/\/www.hilfeundhoffnung.at\/?page_id=821&lang=ro#breadcrumb","itemListElement":[{"@type":"ListItem","position":1,"name":"Home","item":"https:\/\/www.hilfeundhoffnung.at\/"},{"@type":"ListItem","position":2,"name":"Despre noi"}]},{"@type":"WebSite","@id":"https:\/\/www.hilfeundhoffnung.at\/#website","url":"https:\/\/www.hilfeundhoffnung.at\/","name":"HILFE UND HOFFNUNG","description":"Verein zur Unterst\u00fctzung von J\u00fcdischen Gemeinden in Rum\u00e4nien, Ukraine und Ungarn","potentialAction":[{"@type":"SearchAction","target":{"@type":"EntryPoint","urlTemplate":"https:\/\/www.hilfeundhoffnung.at\/?s={search_term_string}"},"query-input":{"@type":"PropertyValueSpecification","valueRequired":true,"valueName":"search_term_string"}}],"inLanguage":"en-GB"}]}},"campaignId":"","jetpack_sharing_enabled":true,"_links":{"self":[{"href":"https:\/\/www.hilfeundhoffnung.at\/index.php?rest_route=\/wp\/v2\/pages\/821","targetHints":{"allow":["GET"]}}],"collection":[{"href":"https:\/\/www.hilfeundhoffnung.at\/index.php?rest_route=\/wp\/v2\/pages"}],"about":[{"href":"https:\/\/www.hilfeundhoffnung.at\/index.php?rest_route=\/wp\/v2\/types\/page"}],"author":[{"embeddable":true,"href":"https:\/\/www.hilfeundhoffnung.at\/index.php?rest_route=\/wp\/v2\/users\/1"}],"replies":[{"embeddable":true,"href":"https:\/\/www.hilfeundhoffnung.at\/index.php?rest_route=%2Fwp%2Fv2%2Fcomments&post=821"}],"version-history":[{"count":3,"href":"https:\/\/www.hilfeundhoffnung.at\/index.php?rest_route=\/wp\/v2\/pages\/821\/revisions"}],"predecessor-version":[{"id":833,"href":"https:\/\/www.hilfeundhoffnung.at\/index.php?rest_route=\/wp\/v2\/pages\/821\/revisions\/833"}],"wp:attachment":[{"href":"https:\/\/www.hilfeundhoffnung.at\/index.php?rest_route=%2Fwp%2Fv2%2Fmedia&parent=821"}],"wp:term":[{"taxonomy":"wf_page_folders","embeddable":true,"href":"https:\/\/www.hilfeundhoffnung.at\/index.php?rest_route=%2Fwp%2Fv2%2Fwf_page_folders&post=821"}],"curies":[{"name":"wp","href":"https:\/\/api.w.org\/{rel}","templated":true}]}}