{"id":749,"date":"2021-08-13T11:45:29","date_gmt":"2021-08-13T11:45:29","guid":{"rendered":"http:\/\/www.hilfeundhoffnung.at\/?page_id=749"},"modified":"2021-08-13T11:57:27","modified_gmt":"2021-08-13T11:57:27","slug":"meista","status":"publish","type":"page","link":"https:\/\/www.hilfeundhoffnung.at\/?page_id=749&lang=fi","title":{"rendered":"Meist\u00e4"},"content":{"rendered":"\n<p><strong>K\u00f6yhyyden torjuntaa <\/strong><\/p>\n\n\n\n<p>Hilfe und Hoffnung (suom. \u201dApua ja toivoa\u201d) -yhdistys tukee&nbsp; Romaniassa, Unkarissa ja Ukrainassa l\u00e4\u00e4kkein, l\u00e4\u00e4kinn\u00e4llisin apuv\u00e4linein, elintarvikkein ja vaattein sek\u00e4 rahallisesti. Sek\u00e4 tavara- ett\u00e4 rahalahjoitukset toimitetaan vastaanottajille yksityisin avustuskuljetuksin, joita j\u00e4rjestet\u00e4\u00e4n useampia vuodessa. Apu toimitetaan perille henkil\u00f6kohtaisesti.&nbsp; Huolehdimme useista eri puolilla maata olevista pienist\u00e4 juutalaisyhteis\u00f6ist\u00e4, jotka koostuvat l\u00e4hinn\u00e4 k\u00f6yhyydess\u00e4 el\u00e4vist\u00e4 vanhuksista sek\u00e4 juutalaisista vanhainkodeista ja sairaaloista. Romaniassa avustamme lis\u00e4ksi lastenkoteja.<\/p>\n\n\n\n<p><strong>Hyvin toimiva verkosto paikan p\u00e4\u00e4ll\u00e4&nbsp;<\/strong><\/p>\n\n\n\n<p>Eeva Huber-Huberin perustaman yhdistyksen 30-vuotisen toiminnan aikana on syntynyt hyvin toimiva verkosto, joka perustuu henkil\u00f6kohtaisiin kontakteihin. N\u00e4in lahjoitukset l\u00f6yt\u00e4v\u00e4t nopeasti suoraan avuntarvitsijoille.&nbsp;<\/p>\n\n\n\n<p>Kultaisen ansiomerkin ty\u00f6st\u00e4\u00e4n It\u00e4vallan hyv\u00e4ksi saanut Eeva ja h\u00e4nen puolisonsa Adalbert Huber-Huber menehtyiv\u00e4t auto-onnettomuudessa vuonna 2008 avustusmatkallaan auto-onnettomuudessa Romaniassa. Nykyisin yhdistyst\u00e4 vet\u00e4v\u00e4t Michael Feyer sek\u00e4 Eevan ja Adalbertin tyt\u00e4r Tamara Huber-Huber. Heid\u00e4n apunaan on vapaaehtoisia, jotka tulevat suurelta osin Suomesta.&nbsp;<\/p>\n\n\n\n<p>Suuren tuen ja jatkuvan avun vuoksi yhdistyksen on mahdollista tehd\u00e4 vuosittain yli kymmenen avustusmatkaa Wienist\u00e4 k\u00e4sin Unkariin ja Romaniaan.<\/p>\n\n\n\n<p><\/p>\n","protected":false},"excerpt":{"rendered":"<p class=\"excerpt\">K\u00f6yhyyden torjuntaa Hilfe und Hoffnung (suom. \u201dApua ja toivoa\u201d) -yhdistys tukee&nbsp; Romaniassa, Unkarissa ja Ukrainassa l\u00e4\u00e4kkein, l\u00e4\u00e4kinn\u00e4llisin apuv\u00e4linein, elintarvikkein ja vaattein sek\u00e4 rahallisesti. Sek\u00e4 tavara- ett\u00e4 rahalahjoitukset toimitetaan vastaanottajille yksityisin avustuskuljetuksin, joita j\u00e4rjestet\u00e4\u00e4n useampia vuodessa. Apu toimitetaan perille henkil\u00f6kohtaisesti.&nbsp; Huolehdimme useista eri puolilla maata olevista pienist\u00e4 juutalaisyhteis\u00f6ist\u00e4, jotka koostuvat l\u00e4hinn\u00e4 k\u00f6yhyydess\u00e4 el\u00e4vist\u00e4 vanhuksista sek\u00e4 juutalaisista vanhainkodeista ja sairaaloista. Romaniassa avustamme&hellip; <a href=\"https:\/\/www.hilfeundhoffnung.at\/?page_id=749&#038;lang=fi\">Read more &rarr;<\/a><\/p>\n","protected":false},"author":9192192,"featured_media":0,"parent":0,"menu_order":0,"comment_status":"closed","ping_status":"closed","template":"","meta":{"give_campaign_id":0,"footnotes":""},"wf_page_folders":[196],"class_list":["post-749","page","type-page","status-publish","hentry","xfolkentry"],"yoast_head":"<!-- This site is optimized with the Yoast SEO plugin v25.2 - https:\/\/yoast.com\/wordpress\/plugins\/seo\/ -->\n<title>Meist\u00e4 - HILFE UND HOFFNUNG<\/title>\n<meta name=\"robots\" content=\"index, follow, max-snippet:-1, max-image-preview:large, max-video-preview:-1\" \/>\n<link rel=\"canonical\" href=\"https:\/\/www.hilfeundhoffnung.at\/?page_id=749&lang=fi\" \/>\n<meta property=\"og:locale\" content=\"en_GB\" \/>\n<meta property=\"og:type\" content=\"article\" \/>\n<meta property=\"og:title\" content=\"Meist\u00e4 - HILFE UND HOFFNUNG\" \/>\n<meta property=\"og:description\" content=\"K\u00f6yhyyden torjuntaa Hilfe und Hoffnung (suom. \u201dApua ja toivoa\u201d) -yhdistys tukee&nbsp; Romaniassa, Unkarissa ja Ukrainassa l\u00e4\u00e4kkein, l\u00e4\u00e4kinn\u00e4llisin apuv\u00e4linein, elintarvikkein ja vaattein sek\u00e4 rahallisesti. Sek\u00e4 tavara- ett\u00e4 rahalahjoitukset toimitetaan vastaanottajille yksityisin avustuskuljetuksin, joita j\u00e4rjestet\u00e4\u00e4n useampia vuodessa. Apu toimitetaan perille henkil\u00f6kohtaisesti.&nbsp; Huolehdimme useista eri puolilla maata olevista pienist\u00e4 juutalaisyhteis\u00f6ist\u00e4, jotka koostuvat l\u00e4hinn\u00e4 k\u00f6yhyydess\u00e4 el\u00e4vist\u00e4 vanhuksista sek\u00e4 juutalaisista vanhainkodeista ja sairaaloista. Romaniassa avustamme&hellip; Read more &rarr;\" \/>\n<meta property=\"og:url\" content=\"https:\/\/www.hilfeundhoffnung.at\/?page_id=749&amp;lang=fi\" \/>\n<meta property=\"og:site_name\" content=\"HILFE UND HOFFNUNG\" \/>\n<meta property=\"article:modified_time\" content=\"2021-08-13T11:57:27+00:00\" \/>\n<meta property=\"og:image\" content=\"https:\/\/www.hilfeundhoffnung.at\/wp-content\/uploads\/2022\/10\/HH_logo_v07_LinkedIN_03.png\" \/>\n\t<meta property=\"og:image:width\" content=\"1200\" \/>\n\t<meta property=\"og:image:height\" content=\"627\" \/>\n\t<meta property=\"og:image:type\" content=\"image\/png\" \/>\n<meta name=\"twitter:card\" content=\"summary_large_image\" \/>\n<meta name=\"twitter:label1\" content=\"Estimated reading time\" \/>\n\t<meta name=\"twitter:data1\" content=\"1 minute\" \/>\n<script type=\"application\/ld+json\" class=\"yoast-schema-graph\">{\"@context\":\"https:\/\/schema.org\",\"@graph\":[{\"@type\":\"WebPage\",\"@id\":\"https:\/\/www.hilfeundhoffnung.at\/?page_id=749&lang=fi\",\"url\":\"https:\/\/www.hilfeundhoffnung.at\/?page_id=749&lang=fi\",\"name\":\"Meist\u00e4 - HILFE UND HOFFNUNG\",\"isPartOf\":{\"@id\":\"https:\/\/www.hilfeundhoffnung.at\/#website\"},\"datePublished\":\"2021-08-13T11:45:29+00:00\",\"dateModified\":\"2021-08-13T11:57:27+00:00\",\"breadcrumb\":{\"@id\":\"https:\/\/www.hilfeundhoffnung.at\/?page_id=749&lang=fi#breadcrumb\"},\"inLanguage\":\"en-GB\",\"potentialAction\":[{\"@type\":\"ReadAction\",\"target\":[\"https:\/\/www.hilfeundhoffnung.at\/?page_id=749&lang=fi\"]}]},{\"@type\":\"BreadcrumbList\",\"@id\":\"https:\/\/www.hilfeundhoffnung.at\/?page_id=749&lang=fi#breadcrumb\",\"itemListElement\":[{\"@type\":\"ListItem\",\"position\":1,\"name\":\"Home\",\"item\":\"https:\/\/www.hilfeundhoffnung.at\/\"},{\"@type\":\"ListItem\",\"position\":2,\"name\":\"Meist\u00e4\"}]},{\"@type\":\"WebSite\",\"@id\":\"https:\/\/www.hilfeundhoffnung.at\/#website\",\"url\":\"https:\/\/www.hilfeundhoffnung.at\/\",\"name\":\"HILFE UND HOFFNUNG\",\"description\":\"Verein zur Unterst\u00fctzung von J\u00fcdischen Gemeinden in Rum\u00e4nien, Ukraine und Ungarn\",\"potentialAction\":[{\"@type\":\"SearchAction\",\"target\":{\"@type\":\"EntryPoint\",\"urlTemplate\":\"https:\/\/www.hilfeundhoffnung.at\/?s={search_term_string}\"},\"query-input\":{\"@type\":\"PropertyValueSpecification\",\"valueRequired\":true,\"valueName\":\"search_term_string\"}}],\"inLanguage\":\"en-GB\"}]}<\/script>\n<!-- \/ Yoast SEO plugin. -->","yoast_head_json":{"title":"Meist\u00e4 - HILFE UND HOFFNUNG","robots":{"index":"index","follow":"follow","max-snippet":"max-snippet:-1","max-image-preview":"max-image-preview:large","max-video-preview":"max-video-preview:-1"},"canonical":"https:\/\/www.hilfeundhoffnung.at\/?page_id=749&lang=fi","og_locale":"en_GB","og_type":"article","og_title":"Meist\u00e4 - HILFE UND HOFFNUNG","og_description":"K\u00f6yhyyden torjuntaa Hilfe und Hoffnung (suom. \u201dApua ja toivoa\u201d) -yhdistys tukee&nbsp; Romaniassa, Unkarissa ja Ukrainassa l\u00e4\u00e4kkein, l\u00e4\u00e4kinn\u00e4llisin apuv\u00e4linein, elintarvikkein ja vaattein sek\u00e4 rahallisesti. Sek\u00e4 tavara- ett\u00e4 rahalahjoitukset toimitetaan vastaanottajille yksityisin avustuskuljetuksin, joita j\u00e4rjestet\u00e4\u00e4n useampia vuodessa. Apu toimitetaan perille henkil\u00f6kohtaisesti.&nbsp; Huolehdimme useista eri puolilla maata olevista pienist\u00e4 juutalaisyhteis\u00f6ist\u00e4, jotka koostuvat l\u00e4hinn\u00e4 k\u00f6yhyydess\u00e4 el\u00e4vist\u00e4 vanhuksista sek\u00e4 juutalaisista vanhainkodeista ja sairaaloista. Romaniassa avustamme&hellip; Read more &rarr;","og_url":"https:\/\/www.hilfeundhoffnung.at\/?page_id=749&lang=fi","og_site_name":"HILFE UND HOFFNUNG","article_modified_time":"2021-08-13T11:57:27+00:00","og_image":[{"width":1200,"height":627,"url":"https:\/\/www.hilfeundhoffnung.at\/wp-content\/uploads\/2022\/10\/HH_logo_v07_LinkedIN_03.png","type":"image\/png"}],"twitter_card":"summary_large_image","twitter_misc":{"Estimated reading time":"1 minute"},"schema":{"@context":"https:\/\/schema.org","@graph":[{"@type":"WebPage","@id":"https:\/\/www.hilfeundhoffnung.at\/?page_id=749&lang=fi","url":"https:\/\/www.hilfeundhoffnung.at\/?page_id=749&lang=fi","name":"Meist\u00e4 - HILFE UND HOFFNUNG","isPartOf":{"@id":"https:\/\/www.hilfeundhoffnung.at\/#website"},"datePublished":"2021-08-13T11:45:29+00:00","dateModified":"2021-08-13T11:57:27+00:00","breadcrumb":{"@id":"https:\/\/www.hilfeundhoffnung.at\/?page_id=749&lang=fi#breadcrumb"},"inLanguage":"en-GB","potentialAction":[{"@type":"ReadAction","target":["https:\/\/www.hilfeundhoffnung.at\/?page_id=749&lang=fi"]}]},{"@type":"BreadcrumbList","@id":"https:\/\/www.hilfeundhoffnung.at\/?page_id=749&lang=fi#breadcrumb","itemListElement":[{"@type":"ListItem","position":1,"name":"Home","item":"https:\/\/www.hilfeundhoffnung.at\/"},{"@type":"ListItem","position":2,"name":"Meist\u00e4"}]},{"@type":"WebSite","@id":"https:\/\/www.hilfeundhoffnung.at\/#website","url":"https:\/\/www.hilfeundhoffnung.at\/","name":"HILFE UND HOFFNUNG","description":"Verein zur Unterst\u00fctzung von J\u00fcdischen Gemeinden in Rum\u00e4nien, Ukraine und Ungarn","potentialAction":[{"@type":"SearchAction","target":{"@type":"EntryPoint","urlTemplate":"https:\/\/www.hilfeundhoffnung.at\/?s={search_term_string}"},"query-input":{"@type":"PropertyValueSpecification","valueRequired":true,"valueName":"search_term_string"}}],"inLanguage":"en-GB"}]}},"campaignId":"","jetpack_sharing_enabled":true,"_links":{"self":[{"href":"https:\/\/www.hilfeundhoffnung.at\/index.php?rest_route=\/wp\/v2\/pages\/749","targetHints":{"allow":["GET"]}}],"collection":[{"href":"https:\/\/www.hilfeundhoffnung.at\/index.php?rest_route=\/wp\/v2\/pages"}],"about":[{"href":"https:\/\/www.hilfeundhoffnung.at\/index.php?rest_route=\/wp\/v2\/types\/page"}],"author":[{"embeddable":true,"href":"https:\/\/www.hilfeundhoffnung.at\/index.php?rest_route=\/wp\/v2\/users\/9192192"}],"replies":[{"embeddable":true,"href":"https:\/\/www.hilfeundhoffnung.at\/index.php?rest_route=%2Fwp%2Fv2%2Fcomments&post=749"}],"version-history":[{"count":6,"href":"https:\/\/www.hilfeundhoffnung.at\/index.php?rest_route=\/wp\/v2\/pages\/749\/revisions"}],"predecessor-version":[{"id":759,"href":"https:\/\/www.hilfeundhoffnung.at\/index.php?rest_route=\/wp\/v2\/pages\/749\/revisions\/759"}],"wp:attachment":[{"href":"https:\/\/www.hilfeundhoffnung.at\/index.php?rest_route=%2Fwp%2Fv2%2Fmedia&parent=749"}],"wp:term":[{"taxonomy":"wf_page_folders","embeddable":true,"href":"https:\/\/www.hilfeundhoffnung.at\/index.php?rest_route=%2Fwp%2Fv2%2Fwf_page_folders&post=749"}],"curies":[{"name":"wp","href":"https:\/\/api.w.org\/{rel}","templated":true}]}}