{"id":53,"date":"2014-02-12T19:42:58","date_gmt":"2014-02-12T19:42:58","guid":{"rendered":"http:\/\/www.hilfeundhoffnung.at\/?page_id=53"},"modified":"2025-06-19T08:04:46","modified_gmt":"2025-06-19T08:04:46","slug":"kontakt","status":"publish","type":"page","link":"https:\/\/www.hilfeundhoffnung.at\/?page_id=53","title":{"rendered":"Kontakt"},"content":{"rendered":"<p><strong>KR Michael Feyer<\/strong><br \/>MAPITOM der event AGENTUR<br \/><a href=\"mailto:mapitom@aon.at\">mapitom@aon.at<\/a><\/p>\n\n\n<p><strong>Kontaktformular<\/strong><\/p>\n\n\n<div class=\"wp-block-jetpack-contact-form\"><a href=\"https:\/\/www.hilfeundhoffnung.at\/?page_id=53\" target=\"_blank\" rel=\"noopener noreferrer\">Submit a form.<\/a><\/div>","protected":false},"excerpt":{"rendered":"<p class=\"excerpt\">KR Michael FeyerMAPITOM der event AGENTURmapitom@aon.at Kontaktformular <a href=\"https:\/\/www.hilfeundhoffnung.at\/?page_id=53\">Read more &rarr;<\/a><\/p>\n","protected":false},"author":1,"featured_media":0,"parent":0,"menu_order":1,"comment_status":"closed","ping_status":"closed","template":"","meta":{"give_campaign_id":0,"footnotes":""},"wf_page_folders":[195],"class_list":["post-53","page","type-page","status-publish","hentry","xfolkentry"],"yoast_head":"<!-- This site is optimized with the Yoast SEO plugin v25.2 - https:\/\/yoast.com\/wordpress\/plugins\/seo\/ -->\n<title>Kontakt - HILFE UND HOFFNUNG<\/title>\n<meta name=\"robots\" content=\"index, follow, max-snippet:-1, max-image-preview:large, max-video-preview:-1\" \/>\n<link rel=\"canonical\" href=\"https:\/\/www.hilfeundhoffnung.at\/?page_id=53\" \/>\n<meta property=\"og:locale\" content=\"en_GB\" \/>\n<meta property=\"og:type\" content=\"article\" \/>\n<meta property=\"og:title\" content=\"Kontakt - HILFE UND HOFFNUNG\" \/>\n<meta property=\"og:description\" content=\"KR Michael FeyerMAPITOM der event AGENTURmapitom@aon.at Kontaktformular Read more &rarr;\" \/>\n<meta property=\"og:url\" content=\"https:\/\/www.hilfeundhoffnung.at\/?page_id=53\" \/>\n<meta property=\"og:site_name\" content=\"HILFE UND HOFFNUNG\" \/>\n<meta property=\"article:modified_time\" content=\"2025-06-19T08:04:46+00:00\" \/>\n<meta property=\"og:image\" content=\"https:\/\/www.hilfeundhoffnung.at\/wp-content\/uploads\/2022\/10\/HH_logo_v07_LinkedIN_03.png\" \/>\n\t<meta property=\"og:image:width\" content=\"1200\" \/>\n\t<meta property=\"og:image:height\" content=\"627\" \/>\n\t<meta property=\"og:image:type\" content=\"image\/png\" \/>\n<meta name=\"twitter:card\" content=\"summary_large_image\" \/>\n<meta name=\"twitter:label1\" content=\"Estimated reading time\" \/>\n\t<meta name=\"twitter:data1\" content=\"1 minute\" \/>\n<script type=\"application\/ld+json\" class=\"yoast-schema-graph\">{\"@context\":\"https:\/\/schema.org\",\"@graph\":[{\"@type\":\"WebPage\",\"@id\":\"https:\/\/www.hilfeundhoffnung.at\/?page_id=53\",\"url\":\"https:\/\/www.hilfeundhoffnung.at\/?page_id=53\",\"name\":\"Kontakt - HILFE UND HOFFNUNG\",\"isPartOf\":{\"@id\":\"https:\/\/www.hilfeundhoffnung.at\/#website\"},\"datePublished\":\"2014-02-12T19:42:58+00:00\",\"dateModified\":\"2025-06-19T08:04:46+00:00\",\"breadcrumb\":{\"@id\":\"https:\/\/www.hilfeundhoffnung.at\/?page_id=53#breadcrumb\"},\"inLanguage\":\"en-GB\",\"potentialAction\":[{\"@type\":\"ReadAction\",\"target\":[\"https:\/\/www.hilfeundhoffnung.at\/?page_id=53\"]}]},{\"@type\":\"BreadcrumbList\",\"@id\":\"https:\/\/www.hilfeundhoffnung.at\/?page_id=53#breadcrumb\",\"itemListElement\":[{\"@type\":\"ListItem\",\"position\":1,\"name\":\"Home\",\"item\":\"https:\/\/www.hilfeundhoffnung.at\/\"},{\"@type\":\"ListItem\",\"position\":2,\"name\":\"Kontakt\"}]},{\"@type\":\"WebSite\",\"@id\":\"https:\/\/www.hilfeundhoffnung.at\/#website\",\"url\":\"https:\/\/www.hilfeundhoffnung.at\/\",\"name\":\"HILFE UND HOFFNUNG\",\"description\":\"Verein zur Unterst\u00fctzung von J\u00fcdischen Gemeinden in Rum\u00e4nien, Ukraine und Ungarn\",\"potentialAction\":[{\"@type\":\"SearchAction\",\"target\":{\"@type\":\"EntryPoint\",\"urlTemplate\":\"https:\/\/www.hilfeundhoffnung.at\/?s={search_term_string}\"},\"query-input\":{\"@type\":\"PropertyValueSpecification\",\"valueRequired\":true,\"valueName\":\"search_term_string\"}}],\"inLanguage\":\"en-GB\"}]}<\/script>\n<!-- \/ Yoast SEO plugin. -->","yoast_head_json":{"title":"Kontakt - HILFE UND HOFFNUNG","robots":{"index":"index","follow":"follow","max-snippet":"max-snippet:-1","max-image-preview":"max-image-preview:large","max-video-preview":"max-video-preview:-1"},"canonical":"https:\/\/www.hilfeundhoffnung.at\/?page_id=53","og_locale":"en_GB","og_type":"article","og_title":"Kontakt - HILFE UND HOFFNUNG","og_description":"KR Michael FeyerMAPITOM der event AGENTURmapitom@aon.at Kontaktformular Read more &rarr;","og_url":"https:\/\/www.hilfeundhoffnung.at\/?page_id=53","og_site_name":"HILFE UND HOFFNUNG","article_modified_time":"2025-06-19T08:04:46+00:00","og_image":[{"width":1200,"height":627,"url":"https:\/\/www.hilfeundhoffnung.at\/wp-content\/uploads\/2022\/10\/HH_logo_v07_LinkedIN_03.png","type":"image\/png"}],"twitter_card":"summary_large_image","twitter_misc":{"Estimated reading time":"1 minute"},"schema":{"@context":"https:\/\/schema.org","@graph":[{"@type":"WebPage","@id":"https:\/\/www.hilfeundhoffnung.at\/?page_id=53","url":"https:\/\/www.hilfeundhoffnung.at\/?page_id=53","name":"Kontakt - HILFE UND HOFFNUNG","isPartOf":{"@id":"https:\/\/www.hilfeundhoffnung.at\/#website"},"datePublished":"2014-02-12T19:42:58+00:00","dateModified":"2025-06-19T08:04:46+00:00","breadcrumb":{"@id":"https:\/\/www.hilfeundhoffnung.at\/?page_id=53#breadcrumb"},"inLanguage":"en-GB","potentialAction":[{"@type":"ReadAction","target":["https:\/\/www.hilfeundhoffnung.at\/?page_id=53"]}]},{"@type":"BreadcrumbList","@id":"https:\/\/www.hilfeundhoffnung.at\/?page_id=53#breadcrumb","itemListElement":[{"@type":"ListItem","position":1,"name":"Home","item":"https:\/\/www.hilfeundhoffnung.at\/"},{"@type":"ListItem","position":2,"name":"Kontakt"}]},{"@type":"WebSite","@id":"https:\/\/www.hilfeundhoffnung.at\/#website","url":"https:\/\/www.hilfeundhoffnung.at\/","name":"HILFE UND HOFFNUNG","description":"Verein zur Unterst\u00fctzung von J\u00fcdischen Gemeinden in Rum\u00e4nien, Ukraine und Ungarn","potentialAction":[{"@type":"SearchAction","target":{"@type":"EntryPoint","urlTemplate":"https:\/\/www.hilfeundhoffnung.at\/?s={search_term_string}"},"query-input":{"@type":"PropertyValueSpecification","valueRequired":true,"valueName":"search_term_string"}}],"inLanguage":"en-GB"}]}},"campaignId":"","jetpack_sharing_enabled":true,"_links":{"self":[{"href":"https:\/\/www.hilfeundhoffnung.at\/index.php?rest_route=\/wp\/v2\/pages\/53","targetHints":{"allow":["GET"]}}],"collection":[{"href":"https:\/\/www.hilfeundhoffnung.at\/index.php?rest_route=\/wp\/v2\/pages"}],"about":[{"href":"https:\/\/www.hilfeundhoffnung.at\/index.php?rest_route=\/wp\/v2\/types\/page"}],"author":[{"embeddable":true,"href":"https:\/\/www.hilfeundhoffnung.at\/index.php?rest_route=\/wp\/v2\/users\/1"}],"replies":[{"embeddable":true,"href":"https:\/\/www.hilfeundhoffnung.at\/index.php?rest_route=%2Fwp%2Fv2%2Fcomments&post=53"}],"version-history":[{"count":26,"href":"https:\/\/www.hilfeundhoffnung.at\/index.php?rest_route=\/wp\/v2\/pages\/53\/revisions"}],"predecessor-version":[{"id":1157,"href":"https:\/\/www.hilfeundhoffnung.at\/index.php?rest_route=\/wp\/v2\/pages\/53\/revisions\/1157"}],"wp:attachment":[{"href":"https:\/\/www.hilfeundhoffnung.at\/index.php?rest_route=%2Fwp%2Fv2%2Fmedia&parent=53"}],"wp:term":[{"taxonomy":"wf_page_folders","embeddable":true,"href":"https:\/\/www.hilfeundhoffnung.at\/index.php?rest_route=%2Fwp%2Fv2%2Fwf_page_folders&post=53"}],"curies":[{"name":"wp","href":"https:\/\/api.w.org\/{rel}","templated":true}]}}