{"id":45,"date":"2014-02-12T19:41:46","date_gmt":"2014-02-12T19:41:46","guid":{"rendered":"http:\/\/www.hilfeundhoffnung.at\/?page_id=45"},"modified":"2021-08-02T19:13:11","modified_gmt":"2021-08-02T19:13:11","slug":"uber-uns","status":"publish","type":"page","link":"https:\/\/www.hilfeundhoffnung.at\/?page_id=45","title":{"rendered":"\u00dcber uns"},"content":{"rendered":"<p><strong>Linderung von Armut<\/strong><\/p>\n<p>Der Verein \u201eHILFE und HOFFNUNG\u201c unterst\u00fctzt Bed\u00fcrftige in Rum\u00e4nien, Ungarn und in der Ukraine mit Medikamenten, Heilbehelfen, Lebensmitteln, Kleidung und Geld. Die Sach- und Geldspenden werden im Rahmen von privaten Hilfstransporten, die mehrmals j\u00e4hrlich organisiert werden, pers\u00f6nlich \u00fcbergeben. Betreut werden zahlreiche \u00fcber das Land verteilte kleine j\u00fcdische Gemeinden, wo vor allem die alten Menschen in Armut leben, j\u00fcdische Altersheime, Krankenh\u00e4user sowie Kinderheime in Rum\u00e4nien.<\/p>\n<p><strong>Gut funktionierendes Netzwerk vor Ort<\/strong><\/p>\n<p>Im Laufe der fast 30-j\u00e4hrigen T\u00e4tigkeit des Vereins, der von Eeva Huber-Huber gegr\u00fcndet wurde, haben sich durch die pers\u00f6nlichen Kontakte gut funktionierende Verteilernetzwerke vor Ort gebildet, sodass die Spenden direkt und rasch bei den Bed\u00fcrftigen ankommen.<\/p>\n<p>Auf Vorschlag des damaligen Operndirektors Ioan Holender wurde Eeva Huber-Huber im Jahr 2007 das Goldene Ehrenzeichnen f\u00fcr Verdienste um die Republik \u00d6sterreich verliehen.<\/p>\n<p>Der Verein wird heute von Kommerzialrat Michael Feyer und der Tochter der Gr\u00fcnderin, Tamara-Huber-Huber und weiteren ehrenamtlichen Mitarbeitern weiter gef\u00fchrt, nachdem Eeva und Adalbert Huber-Huber im April 2008 bei einem der Hilfstransporte in Rum\u00e4nien t\u00f6dlich verungl\u00fcckt sind.<\/p>\n<p>Durch die gro\u00dfe Unterst\u00fctzung vieler und der ungebrochenen Hilfe wird es dem Verein m\u00f6glich gemacht, j\u00e4hrlich mehr als zehn Reisen mit Hilfstransporten durchzuf\u00fchren.<\/p>\n","protected":false},"excerpt":{"rendered":"<p class=\"excerpt\">Linderung von Armut Der Verein \u201eHILFE und HOFFNUNG\u201c unterst\u00fctzt Bed\u00fcrftige in Rum\u00e4nien, Ungarn und in der Ukraine mit Medikamenten, Heilbehelfen, Lebensmitteln, Kleidung und Geld. Die Sach- und Geldspenden werden im Rahmen von privaten Hilfstransporten, die mehrmals j\u00e4hrlich organisiert werden, pers\u00f6nlich \u00fcbergeben. Betreut werden zahlreiche \u00fcber das Land verteilte kleine j\u00fcdische Gemeinden, wo vor allem die alten Menschen in Armut leben,&hellip; <a href=\"https:\/\/www.hilfeundhoffnung.at\/?page_id=45\">Read more &rarr;<\/a><\/p>\n","protected":false},"author":1,"featured_media":0,"parent":0,"menu_order":0,"comment_status":"closed","ping_status":"closed","template":"","meta":{"give_campaign_id":0,"footnotes":""},"wf_page_folders":[195],"class_list":["post-45","page","type-page","status-publish","hentry","xfolkentry"],"yoast_head":"<!-- This site is optimized with the Yoast SEO plugin v25.2 - https:\/\/yoast.com\/wordpress\/plugins\/seo\/ -->\n<title>\u00dcber uns - HILFE UND HOFFNUNG<\/title>\n<meta name=\"robots\" content=\"index, follow, max-snippet:-1, max-image-preview:large, max-video-preview:-1\" \/>\n<link rel=\"canonical\" href=\"https:\/\/www.hilfeundhoffnung.at\/?page_id=45\" \/>\n<meta property=\"og:locale\" content=\"en_GB\" \/>\n<meta property=\"og:type\" content=\"article\" \/>\n<meta property=\"og:title\" content=\"\u00dcber uns - HILFE UND HOFFNUNG\" \/>\n<meta property=\"og:description\" content=\"Linderung von Armut Der Verein \u201eHILFE und HOFFNUNG\u201c unterst\u00fctzt Bed\u00fcrftige in Rum\u00e4nien, Ungarn und in der Ukraine mit Medikamenten, Heilbehelfen, Lebensmitteln, Kleidung und Geld. Die Sach- und Geldspenden werden im Rahmen von privaten Hilfstransporten, die mehrmals j\u00e4hrlich organisiert werden, pers\u00f6nlich \u00fcbergeben. Betreut werden zahlreiche \u00fcber das Land verteilte kleine j\u00fcdische Gemeinden, wo vor allem die alten Menschen in Armut leben,&hellip; Read more &rarr;\" \/>\n<meta property=\"og:url\" content=\"https:\/\/www.hilfeundhoffnung.at\/?page_id=45\" \/>\n<meta property=\"og:site_name\" content=\"HILFE UND HOFFNUNG\" \/>\n<meta property=\"article:modified_time\" content=\"2021-08-02T19:13:11+00:00\" \/>\n<meta property=\"og:image\" content=\"https:\/\/www.hilfeundhoffnung.at\/wp-content\/uploads\/2022\/10\/HH_logo_v07_LinkedIN_03.png\" \/>\n\t<meta property=\"og:image:width\" content=\"1200\" \/>\n\t<meta property=\"og:image:height\" content=\"627\" \/>\n\t<meta property=\"og:image:type\" content=\"image\/png\" \/>\n<meta name=\"twitter:card\" content=\"summary_large_image\" \/>\n<meta name=\"twitter:label1\" content=\"Estimated reading time\" \/>\n\t<meta name=\"twitter:data1\" content=\"1 minute\" \/>\n<script type=\"application\/ld+json\" class=\"yoast-schema-graph\">{\"@context\":\"https:\/\/schema.org\",\"@graph\":[{\"@type\":\"WebPage\",\"@id\":\"https:\/\/www.hilfeundhoffnung.at\/?page_id=45\",\"url\":\"https:\/\/www.hilfeundhoffnung.at\/?page_id=45\",\"name\":\"\u00dcber uns - HILFE UND HOFFNUNG\",\"isPartOf\":{\"@id\":\"https:\/\/www.hilfeundhoffnung.at\/#website\"},\"datePublished\":\"2014-02-12T19:41:46+00:00\",\"dateModified\":\"2021-08-02T19:13:11+00:00\",\"breadcrumb\":{\"@id\":\"https:\/\/www.hilfeundhoffnung.at\/?page_id=45#breadcrumb\"},\"inLanguage\":\"en-GB\",\"potentialAction\":[{\"@type\":\"ReadAction\",\"target\":[\"https:\/\/www.hilfeundhoffnung.at\/?page_id=45\"]}]},{\"@type\":\"BreadcrumbList\",\"@id\":\"https:\/\/www.hilfeundhoffnung.at\/?page_id=45#breadcrumb\",\"itemListElement\":[{\"@type\":\"ListItem\",\"position\":1,\"name\":\"Home\",\"item\":\"https:\/\/www.hilfeundhoffnung.at\/\"},{\"@type\":\"ListItem\",\"position\":2,\"name\":\"\u00dcber uns\"}]},{\"@type\":\"WebSite\",\"@id\":\"https:\/\/www.hilfeundhoffnung.at\/#website\",\"url\":\"https:\/\/www.hilfeundhoffnung.at\/\",\"name\":\"HILFE UND HOFFNUNG\",\"description\":\"Verein zur Unterst\u00fctzung von J\u00fcdischen Gemeinden in Rum\u00e4nien, Ukraine und Ungarn\",\"potentialAction\":[{\"@type\":\"SearchAction\",\"target\":{\"@type\":\"EntryPoint\",\"urlTemplate\":\"https:\/\/www.hilfeundhoffnung.at\/?s={search_term_string}\"},\"query-input\":{\"@type\":\"PropertyValueSpecification\",\"valueRequired\":true,\"valueName\":\"search_term_string\"}}],\"inLanguage\":\"en-GB\"}]}<\/script>\n<!-- \/ Yoast SEO plugin. -->","yoast_head_json":{"title":"\u00dcber uns - HILFE UND HOFFNUNG","robots":{"index":"index","follow":"follow","max-snippet":"max-snippet:-1","max-image-preview":"max-image-preview:large","max-video-preview":"max-video-preview:-1"},"canonical":"https:\/\/www.hilfeundhoffnung.at\/?page_id=45","og_locale":"en_GB","og_type":"article","og_title":"\u00dcber uns - HILFE UND HOFFNUNG","og_description":"Linderung von Armut Der Verein \u201eHILFE und HOFFNUNG\u201c unterst\u00fctzt Bed\u00fcrftige in Rum\u00e4nien, Ungarn und in der Ukraine mit Medikamenten, Heilbehelfen, Lebensmitteln, Kleidung und Geld. Die Sach- und Geldspenden werden im Rahmen von privaten Hilfstransporten, die mehrmals j\u00e4hrlich organisiert werden, pers\u00f6nlich \u00fcbergeben. Betreut werden zahlreiche \u00fcber das Land verteilte kleine j\u00fcdische Gemeinden, wo vor allem die alten Menschen in Armut leben,&hellip; Read more &rarr;","og_url":"https:\/\/www.hilfeundhoffnung.at\/?page_id=45","og_site_name":"HILFE UND HOFFNUNG","article_modified_time":"2021-08-02T19:13:11+00:00","og_image":[{"width":1200,"height":627,"url":"https:\/\/www.hilfeundhoffnung.at\/wp-content\/uploads\/2022\/10\/HH_logo_v07_LinkedIN_03.png","type":"image\/png"}],"twitter_card":"summary_large_image","twitter_misc":{"Estimated reading time":"1 minute"},"schema":{"@context":"https:\/\/schema.org","@graph":[{"@type":"WebPage","@id":"https:\/\/www.hilfeundhoffnung.at\/?page_id=45","url":"https:\/\/www.hilfeundhoffnung.at\/?page_id=45","name":"\u00dcber uns - HILFE UND HOFFNUNG","isPartOf":{"@id":"https:\/\/www.hilfeundhoffnung.at\/#website"},"datePublished":"2014-02-12T19:41:46+00:00","dateModified":"2021-08-02T19:13:11+00:00","breadcrumb":{"@id":"https:\/\/www.hilfeundhoffnung.at\/?page_id=45#breadcrumb"},"inLanguage":"en-GB","potentialAction":[{"@type":"ReadAction","target":["https:\/\/www.hilfeundhoffnung.at\/?page_id=45"]}]},{"@type":"BreadcrumbList","@id":"https:\/\/www.hilfeundhoffnung.at\/?page_id=45#breadcrumb","itemListElement":[{"@type":"ListItem","position":1,"name":"Home","item":"https:\/\/www.hilfeundhoffnung.at\/"},{"@type":"ListItem","position":2,"name":"\u00dcber uns"}]},{"@type":"WebSite","@id":"https:\/\/www.hilfeundhoffnung.at\/#website","url":"https:\/\/www.hilfeundhoffnung.at\/","name":"HILFE UND HOFFNUNG","description":"Verein zur Unterst\u00fctzung von J\u00fcdischen Gemeinden in Rum\u00e4nien, Ukraine und Ungarn","potentialAction":[{"@type":"SearchAction","target":{"@type":"EntryPoint","urlTemplate":"https:\/\/www.hilfeundhoffnung.at\/?s={search_term_string}"},"query-input":{"@type":"PropertyValueSpecification","valueRequired":true,"valueName":"search_term_string"}}],"inLanguage":"en-GB"}]}},"campaignId":"","jetpack_sharing_enabled":true,"_links":{"self":[{"href":"https:\/\/www.hilfeundhoffnung.at\/index.php?rest_route=\/wp\/v2\/pages\/45","targetHints":{"allow":["GET"]}}],"collection":[{"href":"https:\/\/www.hilfeundhoffnung.at\/index.php?rest_route=\/wp\/v2\/pages"}],"about":[{"href":"https:\/\/www.hilfeundhoffnung.at\/index.php?rest_route=\/wp\/v2\/types\/page"}],"author":[{"embeddable":true,"href":"https:\/\/www.hilfeundhoffnung.at\/index.php?rest_route=\/wp\/v2\/users\/1"}],"replies":[{"embeddable":true,"href":"https:\/\/www.hilfeundhoffnung.at\/index.php?rest_route=%2Fwp%2Fv2%2Fcomments&post=45"}],"version-history":[{"count":5,"href":"https:\/\/www.hilfeundhoffnung.at\/index.php?rest_route=\/wp\/v2\/pages\/45\/revisions"}],"predecessor-version":[{"id":634,"href":"https:\/\/www.hilfeundhoffnung.at\/index.php?rest_route=\/wp\/v2\/pages\/45\/revisions\/634"}],"wp:attachment":[{"href":"https:\/\/www.hilfeundhoffnung.at\/index.php?rest_route=%2Fwp%2Fv2%2Fmedia&parent=45"}],"wp:term":[{"taxonomy":"wf_page_folders","embeddable":true,"href":"https:\/\/www.hilfeundhoffnung.at\/index.php?rest_route=%2Fwp%2Fv2%2Fwf_page_folders&post=45"}],"curies":[{"name":"wp","href":"https:\/\/api.w.org\/{rel}","templated":true}]}}