{"id":3080,"date":"2025-06-19T09:07:05","date_gmt":"2025-06-19T09:07:05","guid":{"rendered":"https:\/\/www.hilfeundhoffnung.at\/?page_id=3080"},"modified":"2025-06-19T09:07:05","modified_gmt":"2025-06-19T09:07:05","slug":"donor-dashboard","status":"publish","type":"page","link":"https:\/\/www.hilfeundhoffnung.at\/?page_id=3080","title":{"rendered":"Donor dashboard"},"content":{"rendered":"<div style=\"position: relative; max-width: 100%;\"><iframe\n\t\t\t\tname=\"give-embed-donor-profile\"\n\t\t\t\tsrc=\"https:\/\/www.hilfeundhoffnung.at\/?give-embed=donor-dashboard&#038;accent-color=%2368bb6c#\/dashboard\"\n\t\t\t\t\n\t\t\t\tdata-autoScroll=\"1\"\n\t\t\t\tonload=\"const iframe = this;this.contentWindow.document.addEventListener('click', function(){iframe.closest('[data-block]').focus({preventScroll: true});});if( 'undefined' !== typeof Give ) { Give.initializeIframeResize(this) }\"\n\t\t\t\tstyle=\"border: 0;visibility: hidden;min-height: 776px; width: 100%; max-width: 100% !important;\"><\/iframe>\n<div class=\"iframe-loader\"\n     style=\"width: 100%; height: 100%; min-height: 790px; position: absolute; top: 0; left: 0; pointer-events: none;\">\n    <div style=\"\n\t\tbackground: white;\n\t\twidth: calc(90% - 12px);\n\t\theight: 100%;\n\t\tmax-width: 920px;\n\t\tmargin: 8px auto;\n\t\tborder-radius: 8px;\n\t\tdisplay: flex;\n\t\talign-items: center;\n\t\tjustify-content: center;\n\t\t-webkit-box-shadow: 0 2px 2px 0 rgba(0, 0, 0, 0.14),\n\t\t\t0 3px 1px -2px rgba(0, 0, 0, 0.2),\n\t\t\t0 1px 5px 0 rgba(0, 0, 0, 0.12);\n\t\tbox-shadow: 0 2px 2px 0 rgba(0, 0, 0, 0.14),\n\t\t\t0 3px 1px -2px rgba(0, 0, 0, 0.2),\n\t\t\t0 1px 5px 0 rgba(0, 0, 0, 0.12);\n\t\t\">\n        <div style=\"\n            pointer-events: none;\n            height: 90px;\n            width: 90px;\n            background-image: url(&quot;data:image\/svg+xml;charset=utf8,%3C?xml version='1.0' encoding='utf-8'?%3E%3C!-- Generator: Adobe Illustrator 24.1.0, SVG Export Plug-In . SVG Version: 6.00 Build 0) --%3E%3Csvg version='1.1' id='Layer_1' xmlns='http:\/\/www.w3.org\/2000\/svg' xmlns:xlink='http:\/\/www.w3.org\/1999\/xlink' x='0px' y='0px' viewBox='0 0 349 348' style='enable-background:new 0 0 349 348;' xml:space='preserve'%3E%3Cstyle type='text\/css'%3E .st0{fill:%2368bb6c;} %3C\/style%3E%3Cpath class='st0' d='M25.1,204.57c-13.38,0-24.47-10.6-24.97-24.08C0.04,178.09,0,175.97,0,174C0,77.78,78.28-0.5,174.5-0.5 c13.81,0,25,11.19,25,25s-11.19,25-25,25C105.85,49.5,50,105.35,50,174c0,1.37,0.03,2.85,0.1,4.65c0.51,13.8-10.27,25.39-24.07,25.9 C25.72,204.56,25.41,204.57,25.1,204.57z'\/%3E%3Cpath class='st0' d='M174.5,348.5c-13.81,0-25-11.19-25-25c0-13.81,11.19-25,25-25c68.65,0,124.5-55.85,124.5-124.5 c0-1.38-0.03-2.85-0.1-4.65c-0.51-13.8,10.26-25.4,24.06-25.91c13.83-0.53,25.4,10.26,25.91,24.06c0.09,2.39,0.13,4.51,0.13,6.49 C349,270.22,270.72,348.5,174.5,348.5z'\/%3E%3C\/svg%3E&quot;);\n            animation: spin 0.6s linear infinite;\n            \"><\/div>\n    <\/div>\n<\/div>\n<\/div>","protected":false},"excerpt":{"rendered":"<p class=\"excerpt\"> <a href=\"https:\/\/www.hilfeundhoffnung.at\/?page_id=3080\">Read more &rarr;<\/a><\/p>\n","protected":false},"author":1,"featured_media":0,"parent":0,"menu_order":0,"comment_status":"close","ping_status":"close","template":"","meta":{"give_campaign_id":0,"footnotes":""},"wf_page_folders":[],"class_list":["post-3080","page","type-page","status-publish","hentry","xfolkentry"],"yoast_head":"<!-- This site is optimized with the Yoast SEO plugin v25.2 - https:\/\/yoast.com\/wordpress\/plugins\/seo\/ -->\n<title>Donor dashboard - HILFE UND HOFFNUNG<\/title>\n<meta name=\"robots\" content=\"index, follow, max-snippet:-1, max-image-preview:large, max-video-preview:-1\" \/>\n<link rel=\"canonical\" href=\"https:\/\/www.hilfeundhoffnung.at\/?page_id=3080\" \/>\n<meta property=\"og:locale\" content=\"en_GB\" \/>\n<meta property=\"og:type\" content=\"article\" \/>\n<meta property=\"og:title\" content=\"Donor dashboard - HILFE UND HOFFNUNG\" \/>\n<meta property=\"og:description\" content=\"Read more &rarr;\" \/>\n<meta property=\"og:url\" content=\"https:\/\/www.hilfeundhoffnung.at\/?page_id=3080\" \/>\n<meta property=\"og:site_name\" content=\"HILFE UND HOFFNUNG\" \/>\n<meta property=\"og:image\" content=\"https:\/\/www.hilfeundhoffnung.at\/wp-content\/uploads\/2022\/10\/HH_logo_v07_LinkedIN_03.png\" \/>\n\t<meta property=\"og:image:width\" content=\"1200\" \/>\n\t<meta property=\"og:image:height\" content=\"627\" \/>\n\t<meta property=\"og:image:type\" content=\"image\/png\" \/>\n<meta name=\"twitter:card\" content=\"summary_large_image\" \/>\n<script type=\"application\/ld+json\" class=\"yoast-schema-graph\">{\"@context\":\"https:\/\/schema.org\",\"@graph\":[{\"@type\":\"WebPage\",\"@id\":\"https:\/\/www.hilfeundhoffnung.at\/?page_id=3080\",\"url\":\"https:\/\/www.hilfeundhoffnung.at\/?page_id=3080\",\"name\":\"Donor dashboard - HILFE UND HOFFNUNG\",\"isPartOf\":{\"@id\":\"https:\/\/www.hilfeundhoffnung.at\/#website\"},\"datePublished\":\"2025-06-19T09:07:05+00:00\",\"breadcrumb\":{\"@id\":\"https:\/\/www.hilfeundhoffnung.at\/?page_id=3080#breadcrumb\"},\"inLanguage\":\"en-GB\",\"potentialAction\":[{\"@type\":\"ReadAction\",\"target\":[\"https:\/\/www.hilfeundhoffnung.at\/?page_id=3080\"]}]},{\"@type\":\"BreadcrumbList\",\"@id\":\"https:\/\/www.hilfeundhoffnung.at\/?page_id=3080#breadcrumb\",\"itemListElement\":[{\"@type\":\"ListItem\",\"position\":1,\"name\":\"Home\",\"item\":\"https:\/\/www.hilfeundhoffnung.at\/\"},{\"@type\":\"ListItem\",\"position\":2,\"name\":\"Donor dashboard\"}]},{\"@type\":\"WebSite\",\"@id\":\"https:\/\/www.hilfeundhoffnung.at\/#website\",\"url\":\"https:\/\/www.hilfeundhoffnung.at\/\",\"name\":\"HILFE UND HOFFNUNG\",\"description\":\"Verein zur Unterst\u00fctzung von J\u00fcdischen Gemeinden in Rum\u00e4nien, Ukraine und Ungarn\",\"potentialAction\":[{\"@type\":\"SearchAction\",\"target\":{\"@type\":\"EntryPoint\",\"urlTemplate\":\"https:\/\/www.hilfeundhoffnung.at\/?s={search_term_string}\"},\"query-input\":{\"@type\":\"PropertyValueSpecification\",\"valueRequired\":true,\"valueName\":\"search_term_string\"}}],\"inLanguage\":\"en-GB\"}]}<\/script>\n<!-- \/ Yoast SEO plugin. -->","yoast_head_json":{"title":"Donor dashboard - HILFE UND HOFFNUNG","robots":{"index":"index","follow":"follow","max-snippet":"max-snippet:-1","max-image-preview":"max-image-preview:large","max-video-preview":"max-video-preview:-1"},"canonical":"https:\/\/www.hilfeundhoffnung.at\/?page_id=3080","og_locale":"en_GB","og_type":"article","og_title":"Donor dashboard - HILFE UND HOFFNUNG","og_description":"Read more &rarr;","og_url":"https:\/\/www.hilfeundhoffnung.at\/?page_id=3080","og_site_name":"HILFE UND HOFFNUNG","og_image":[{"width":1200,"height":627,"url":"https:\/\/www.hilfeundhoffnung.at\/wp-content\/uploads\/2022\/10\/HH_logo_v07_LinkedIN_03.png","type":"image\/png"}],"twitter_card":"summary_large_image","schema":{"@context":"https:\/\/schema.org","@graph":[{"@type":"WebPage","@id":"https:\/\/www.hilfeundhoffnung.at\/?page_id=3080","url":"https:\/\/www.hilfeundhoffnung.at\/?page_id=3080","name":"Donor dashboard - HILFE UND HOFFNUNG","isPartOf":{"@id":"https:\/\/www.hilfeundhoffnung.at\/#website"},"datePublished":"2025-06-19T09:07:05+00:00","breadcrumb":{"@id":"https:\/\/www.hilfeundhoffnung.at\/?page_id=3080#breadcrumb"},"inLanguage":"en-GB","potentialAction":[{"@type":"ReadAction","target":["https:\/\/www.hilfeundhoffnung.at\/?page_id=3080"]}]},{"@type":"BreadcrumbList","@id":"https:\/\/www.hilfeundhoffnung.at\/?page_id=3080#breadcrumb","itemListElement":[{"@type":"ListItem","position":1,"name":"Home","item":"https:\/\/www.hilfeundhoffnung.at\/"},{"@type":"ListItem","position":2,"name":"Donor dashboard"}]},{"@type":"WebSite","@id":"https:\/\/www.hilfeundhoffnung.at\/#website","url":"https:\/\/www.hilfeundhoffnung.at\/","name":"HILFE UND HOFFNUNG","description":"Verein zur Unterst\u00fctzung von J\u00fcdischen Gemeinden in Rum\u00e4nien, Ukraine und Ungarn","potentialAction":[{"@type":"SearchAction","target":{"@type":"EntryPoint","urlTemplate":"https:\/\/www.hilfeundhoffnung.at\/?s={search_term_string}"},"query-input":{"@type":"PropertyValueSpecification","valueRequired":true,"valueName":"search_term_string"}}],"inLanguage":"en-GB"}]}},"campaignId":"","jetpack_sharing_enabled":true,"_links":{"self":[{"href":"https:\/\/www.hilfeundhoffnung.at\/index.php?rest_route=\/wp\/v2\/pages\/3080","targetHints":{"allow":["GET"]}}],"collection":[{"href":"https:\/\/www.hilfeundhoffnung.at\/index.php?rest_route=\/wp\/v2\/pages"}],"about":[{"href":"https:\/\/www.hilfeundhoffnung.at\/index.php?rest_route=\/wp\/v2\/types\/page"}],"author":[{"embeddable":true,"href":"https:\/\/www.hilfeundhoffnung.at\/index.php?rest_route=\/wp\/v2\/users\/1"}],"replies":[{"embeddable":true,"href":"https:\/\/www.hilfeundhoffnung.at\/index.php?rest_route=%2Fwp%2Fv2%2Fcomments&post=3080"}],"version-history":[{"count":0,"href":"https:\/\/www.hilfeundhoffnung.at\/index.php?rest_route=\/wp\/v2\/pages\/3080\/revisions"}],"wp:attachment":[{"href":"https:\/\/www.hilfeundhoffnung.at\/index.php?rest_route=%2Fwp%2Fv2%2Fmedia&parent=3080"}],"wp:term":[{"taxonomy":"wf_page_folders","embeddable":true,"href":"https:\/\/www.hilfeundhoffnung.at\/index.php?rest_route=%2Fwp%2Fv2%2Fwf_page_folders&post=3080"}],"curies":[{"name":"wp","href":"https:\/\/api.w.org\/{rel}","templated":true}]}}