{"id":1013,"date":"2022-07-05T16:30:52","date_gmt":"2022-07-05T16:30:52","guid":{"rendered":"https:\/\/www.hilfeundhoffnung.at\/?page_id=1013"},"modified":"2022-07-05T16:30:56","modified_gmt":"2022-07-05T16:30:56","slug":"about-us","status":"publish","type":"page","link":"https:\/\/www.hilfeundhoffnung.at\/?page_id=1013&lang=en","title":{"rendered":"About us"},"content":{"rendered":"\n<p><strong>Alleviation of poverty <\/strong><\/p>\n\n\n\n<p>The association &#8220;HILFE und HOFFNUNG&#8221; supports the needy in Romania, Hungary and Ukraine with medicines, medical aids, food, clothing and money. Donations in kind and money are handed over personally as part of private aid transports, which are organized several times a year. Numerous small Jewish communities spread across the country, where above all the elderly live in poverty, Jewish retirement homes, hospitals and children&#8217;s homes in Romania are looked after. <\/p>\n\n\n\n<p><strong>Well-functioning local network <\/strong><\/p>\n\n\n\n<p>In the course of almost 30 years of activity of the association, which was founded by Eeva Huber-Huber, well-functioning distribution networks have been formed on site through personal contacts, so that the donations reach those in need quickly and directly. <\/p>\n\n\n\n<p>At the suggestion of then Viennese State Opera Director Ioan Holender, Eeva Huber-Huber was awarded the Golden Decoration of Honor for services to the Republic of Austria in 2007. <\/p>\n\n\n\n<p>The association is continued today by Councillor of Commerce Michael Feyer and the daughter of the founder, Tamara-Huber-Huber and other volunteers, after Eeva and Adalbert Huber-Huber died in an accident in April 2008 during one of the aid transports in Romania. <\/p>\n\n\n\n<p>Thanks to the great support and the uninterrupted help of many, it is possible for the association to carry out more than ten aid transports a year.<\/p>\n","protected":false},"excerpt":{"rendered":"<p class=\"excerpt\">Alleviation of poverty The association &#8220;HILFE und HOFFNUNG&#8221; supports the needy in Romania, Hungary and Ukraine with medicines, medical aids, food, clothing and money. Donations in kind and money are handed over personally as part of private aid transports, which are organized several times a year. Numerous small Jewish communities spread across the country, where above all the elderly live&hellip; <a href=\"https:\/\/www.hilfeundhoffnung.at\/?page_id=1013&#038;lang=en\">Read more &rarr;<\/a><\/p>\n","protected":false},"author":3,"featured_media":0,"parent":0,"menu_order":0,"comment_status":"closed","ping_status":"closed","template":"","meta":{"give_campaign_id":0,"footnotes":""},"wf_page_folders":[197],"class_list":["post-1013","page","type-page","status-publish","hentry","xfolkentry"],"yoast_head":"<!-- This site is optimized with the Yoast SEO plugin v25.2 - https:\/\/yoast.com\/wordpress\/plugins\/seo\/ -->\n<title>About us - HILFE UND HOFFNUNG<\/title>\n<meta name=\"robots\" content=\"index, follow, max-snippet:-1, max-image-preview:large, max-video-preview:-1\" \/>\n<link rel=\"canonical\" href=\"https:\/\/www.hilfeundhoffnung.at\/?page_id=1013&lang=en\" \/>\n<meta property=\"og:locale\" content=\"en_GB\" \/>\n<meta property=\"og:type\" content=\"article\" \/>\n<meta property=\"og:title\" content=\"About us - HILFE UND HOFFNUNG\" \/>\n<meta property=\"og:description\" content=\"Alleviation of poverty The association &#8220;HILFE und HOFFNUNG&#8221; supports the needy in Romania, Hungary and Ukraine with medicines, medical aids, food, clothing and money. Donations in kind and money are handed over personally as part of private aid transports, which are organized several times a year. Numerous small Jewish communities spread across the country, where above all the elderly live&hellip; Read more &rarr;\" \/>\n<meta property=\"og:url\" content=\"https:\/\/www.hilfeundhoffnung.at\/?page_id=1013&amp;lang=en\" \/>\n<meta property=\"og:site_name\" content=\"HILFE UND HOFFNUNG\" \/>\n<meta property=\"article:modified_time\" content=\"2022-07-05T16:30:56+00:00\" \/>\n<meta property=\"og:image\" content=\"https:\/\/www.hilfeundhoffnung.at\/wp-content\/uploads\/2022\/10\/HH_logo_v07_LinkedIN_03.png\" \/>\n\t<meta property=\"og:image:width\" content=\"1200\" \/>\n\t<meta property=\"og:image:height\" content=\"627\" \/>\n\t<meta property=\"og:image:type\" content=\"image\/png\" \/>\n<meta name=\"twitter:card\" content=\"summary_large_image\" \/>\n<meta name=\"twitter:label1\" content=\"Estimated reading time\" \/>\n\t<meta name=\"twitter:data1\" content=\"1 minute\" \/>\n<script type=\"application\/ld+json\" class=\"yoast-schema-graph\">{\"@context\":\"https:\/\/schema.org\",\"@graph\":[{\"@type\":\"WebPage\",\"@id\":\"https:\/\/www.hilfeundhoffnung.at\/?page_id=1013&lang=en\",\"url\":\"https:\/\/www.hilfeundhoffnung.at\/?page_id=1013&lang=en\",\"name\":\"About us - HILFE UND HOFFNUNG\",\"isPartOf\":{\"@id\":\"https:\/\/www.hilfeundhoffnung.at\/#website\"},\"datePublished\":\"2022-07-05T16:30:52+00:00\",\"dateModified\":\"2022-07-05T16:30:56+00:00\",\"breadcrumb\":{\"@id\":\"https:\/\/www.hilfeundhoffnung.at\/?page_id=1013&lang=en#breadcrumb\"},\"inLanguage\":\"en-GB\",\"potentialAction\":[{\"@type\":\"ReadAction\",\"target\":[\"https:\/\/www.hilfeundhoffnung.at\/?page_id=1013&lang=en\"]}]},{\"@type\":\"BreadcrumbList\",\"@id\":\"https:\/\/www.hilfeundhoffnung.at\/?page_id=1013&lang=en#breadcrumb\",\"itemListElement\":[{\"@type\":\"ListItem\",\"position\":1,\"name\":\"Home\",\"item\":\"https:\/\/www.hilfeundhoffnung.at\/\"},{\"@type\":\"ListItem\",\"position\":2,\"name\":\"About us\"}]},{\"@type\":\"WebSite\",\"@id\":\"https:\/\/www.hilfeundhoffnung.at\/#website\",\"url\":\"https:\/\/www.hilfeundhoffnung.at\/\",\"name\":\"HILFE UND HOFFNUNG\",\"description\":\"Verein zur Unterst\u00fctzung von J\u00fcdischen Gemeinden in Rum\u00e4nien, Ukraine und Ungarn\",\"potentialAction\":[{\"@type\":\"SearchAction\",\"target\":{\"@type\":\"EntryPoint\",\"urlTemplate\":\"https:\/\/www.hilfeundhoffnung.at\/?s={search_term_string}\"},\"query-input\":{\"@type\":\"PropertyValueSpecification\",\"valueRequired\":true,\"valueName\":\"search_term_string\"}}],\"inLanguage\":\"en-GB\"}]}<\/script>\n<!-- \/ Yoast SEO plugin. -->","yoast_head_json":{"title":"About us - HILFE UND HOFFNUNG","robots":{"index":"index","follow":"follow","max-snippet":"max-snippet:-1","max-image-preview":"max-image-preview:large","max-video-preview":"max-video-preview:-1"},"canonical":"https:\/\/www.hilfeundhoffnung.at\/?page_id=1013&lang=en","og_locale":"en_GB","og_type":"article","og_title":"About us - HILFE UND HOFFNUNG","og_description":"Alleviation of poverty The association &#8220;HILFE und HOFFNUNG&#8221; supports the needy in Romania, Hungary and Ukraine with medicines, medical aids, food, clothing and money. Donations in kind and money are handed over personally as part of private aid transports, which are organized several times a year. Numerous small Jewish communities spread across the country, where above all the elderly live&hellip; Read more &rarr;","og_url":"https:\/\/www.hilfeundhoffnung.at\/?page_id=1013&lang=en","og_site_name":"HILFE UND HOFFNUNG","article_modified_time":"2022-07-05T16:30:56+00:00","og_image":[{"width":1200,"height":627,"url":"https:\/\/www.hilfeundhoffnung.at\/wp-content\/uploads\/2022\/10\/HH_logo_v07_LinkedIN_03.png","type":"image\/png"}],"twitter_card":"summary_large_image","twitter_misc":{"Estimated reading time":"1 minute"},"schema":{"@context":"https:\/\/schema.org","@graph":[{"@type":"WebPage","@id":"https:\/\/www.hilfeundhoffnung.at\/?page_id=1013&lang=en","url":"https:\/\/www.hilfeundhoffnung.at\/?page_id=1013&lang=en","name":"About us - HILFE UND HOFFNUNG","isPartOf":{"@id":"https:\/\/www.hilfeundhoffnung.at\/#website"},"datePublished":"2022-07-05T16:30:52+00:00","dateModified":"2022-07-05T16:30:56+00:00","breadcrumb":{"@id":"https:\/\/www.hilfeundhoffnung.at\/?page_id=1013&lang=en#breadcrumb"},"inLanguage":"en-GB","potentialAction":[{"@type":"ReadAction","target":["https:\/\/www.hilfeundhoffnung.at\/?page_id=1013&lang=en"]}]},{"@type":"BreadcrumbList","@id":"https:\/\/www.hilfeundhoffnung.at\/?page_id=1013&lang=en#breadcrumb","itemListElement":[{"@type":"ListItem","position":1,"name":"Home","item":"https:\/\/www.hilfeundhoffnung.at\/"},{"@type":"ListItem","position":2,"name":"About us"}]},{"@type":"WebSite","@id":"https:\/\/www.hilfeundhoffnung.at\/#website","url":"https:\/\/www.hilfeundhoffnung.at\/","name":"HILFE UND HOFFNUNG","description":"Verein zur Unterst\u00fctzung von J\u00fcdischen Gemeinden in Rum\u00e4nien, Ukraine und Ungarn","potentialAction":[{"@type":"SearchAction","target":{"@type":"EntryPoint","urlTemplate":"https:\/\/www.hilfeundhoffnung.at\/?s={search_term_string}"},"query-input":{"@type":"PropertyValueSpecification","valueRequired":true,"valueName":"search_term_string"}}],"inLanguage":"en-GB"}]}},"campaignId":"","jetpack_sharing_enabled":true,"_links":{"self":[{"href":"https:\/\/www.hilfeundhoffnung.at\/index.php?rest_route=\/wp\/v2\/pages\/1013","targetHints":{"allow":["GET"]}}],"collection":[{"href":"https:\/\/www.hilfeundhoffnung.at\/index.php?rest_route=\/wp\/v2\/pages"}],"about":[{"href":"https:\/\/www.hilfeundhoffnung.at\/index.php?rest_route=\/wp\/v2\/types\/page"}],"author":[{"embeddable":true,"href":"https:\/\/www.hilfeundhoffnung.at\/index.php?rest_route=\/wp\/v2\/users\/3"}],"replies":[{"embeddable":true,"href":"https:\/\/www.hilfeundhoffnung.at\/index.php?rest_route=%2Fwp%2Fv2%2Fcomments&post=1013"}],"version-history":[{"count":4,"href":"https:\/\/www.hilfeundhoffnung.at\/index.php?rest_route=\/wp\/v2\/pages\/1013\/revisions"}],"predecessor-version":[{"id":1020,"href":"https:\/\/www.hilfeundhoffnung.at\/index.php?rest_route=\/wp\/v2\/pages\/1013\/revisions\/1020"}],"wp:attachment":[{"href":"https:\/\/www.hilfeundhoffnung.at\/index.php?rest_route=%2Fwp%2Fv2%2Fmedia&parent=1013"}],"wp:term":[{"taxonomy":"wf_page_folders","embeddable":true,"href":"https:\/\/www.hilfeundhoffnung.at\/index.php?rest_route=%2Fwp%2Fv2%2Fwf_page_folders&post=1013"}],"curies":[{"name":"wp","href":"https:\/\/api.w.org\/{rel}","templated":true}]}}